{"id":5609,"date":"2025-01-14T10:09:40","date_gmt":"2025-01-14T09:09:40","guid":{"rendered":"https:\/\/antama-groupe.ch\/?page_id=5609"},"modified":"2025-02-26T10:46:33","modified_gmt":"2025-02-26T09:46:33","slug":"immo","status":"publish","type":"page","link":"https:\/\/antama-groupe.ch\/de\/immo\/","title":{"rendered":"Immo"},"content":{"rendered":"<div data-elementor-type=\"wp-page\" data-elementor-id=\"5609\" class=\"elementor elementor-5609\" data-elementor-post-type=\"page\">\n\t\t\t\t<div class=\"elementor-element elementor-element-42dca131 e-flex e-con-boxed e-con e-parent\" data-id=\"42dca131\" data-element_type=\"container\" data-settings=\"{&quot;background_background&quot;:&quot;classic&quot;}\">\n\t\t\t\t\t<div class=\"e-con-inner\">\n\t\t<div class=\"elementor-element elementor-element-238321fa e-con-full e-flex e-con e-child\" data-id=\"238321fa\" data-element_type=\"container\">\n\t\t\t\t<div class=\"elementor-element elementor-element-3d081c04 elementor-widget elementor-widget-image\" data-id=\"3d081c04\" data-element_type=\"widget\" data-widget_type=\"image.default\">\n\t\t\t\t<div class=\"elementor-widget-container\">\n\t\t\t\t\t\t\t\t\t\t\t\t\t\t\t<img fetchpriority=\"high\" decoding=\"async\" width=\"800\" height=\"273\" src=\"https:\/\/antama-groupe.ch\/wp-content\/uploads\/2025\/01\/Logo_Antama_Immo_ORIGINAL-1024x349.png\" class=\"attachment-large size-large wp-image-5858\" alt=\"\" srcset=\"https:\/\/antama-groupe.ch\/wp-content\/uploads\/2025\/01\/Logo_Antama_Immo_ORIGINAL-1024x349.png 1024w, https:\/\/antama-groupe.ch\/wp-content\/uploads\/2025\/01\/Logo_Antama_Immo_ORIGINAL-300x102.png 300w, https:\/\/antama-groupe.ch\/wp-content\/uploads\/2025\/01\/Logo_Antama_Immo_ORIGINAL-768x262.png 768w, https:\/\/antama-groupe.ch\/wp-content\/uploads\/2025\/01\/Logo_Antama_Immo_ORIGINAL-18x6.png 18w, https:\/\/antama-groupe.ch\/wp-content\/uploads\/2025\/01\/Logo_Antama_Immo_ORIGINAL.png 1177w\" sizes=\"(max-width: 800px) 100vw, 800px\" \/>\t\t\t\t\t\t\t\t\t\t\t\t\t\t\t<\/div>\n\t\t\t\t<\/div>\n\t\t\t\t<\/div>\n\t\t<div class=\"elementor-element elementor-element-6be0be40 e-con-full e-flex e-con e-child\" data-id=\"6be0be40\" data-element_type=\"container\" data-settings=\"{&quot;background_background&quot;:&quot;classic&quot;}\">\n\t\t\t\t<div class=\"elementor-element elementor-element-298f88ae elementor-widget__width-auto elementor-invisible elementor-widget elementor-widget-qi_addons_for_elementor_highlight\" data-id=\"298f88ae\" data-element_type=\"widget\" data-settings=\"{&quot;_animation&quot;:&quot;fadeIn&quot;}\" data-widget_type=\"qi_addons_for_elementor_highlight.default\">\n\t\t\t\t<div class=\"elementor-widget-container\">\n\t\t\t\t\t<p class=\"qodef-shortcode qodef-m qodef-qi-highlight qodef-qi--has-appear qodef-highlight-style--color\" >\n\tImmobilienverwaltung und -entwicklung <span class=\"qodef-highlight-text\" style=\"background-image: linear-gradient(to bottom, transparent 12%, #B1B3B3 12%, #B1B3B3 85%, transparent 85%)\">im Dienste der Gruppe.<\/span><\/p>\n\t\t\t\t<\/div>\n\t\t\t\t<\/div>\n\t\t\t\t<\/div>\n\t\t\t\t\t<\/div>\n\t\t\t\t<\/div>\n\t\t\t\t<section class=\"elementor-section elementor-top-section elementor-element elementor-element-57738c5a elementor-section-full_width elementor-section-height-min-height elementor-section-height-default elementor-section-items-middle\" data-id=\"57738c5a\" data-element_type=\"section\" data-settings=\"{&quot;background_background&quot;:&quot;classic&quot;}\">\n\t\t\t\t\t\t<div class=\"elementor-container elementor-column-gap-default\">\n\t\t\t\t\t<div class=\"elementor-column elementor-col-100 elementor-top-column elementor-element elementor-element-5a5426d8\" data-id=\"5a5426d8\" data-element_type=\"column\" data-settings=\"{&quot;animation&quot;:&quot;none&quot;}\">\n\t\t\t<div class=\"elementor-widget-wrap elementor-element-populated\">\n\t\t\t\t<div class=\"elementor-element elementor-element-7ef34e2a e-con-full e-flex e-con e-child\" data-id=\"7ef34e2a\" data-element_type=\"container\" data-settings=\"{&quot;animation&quot;:&quot;none&quot;}\">\n\t\t\t\t<div class=\"elementor-element elementor-element-5fe55f6e elementor-widget elementor-widget-qi_addons_for_elementor_highlight\" data-id=\"5fe55f6e\" data-element_type=\"widget\" data-widget_type=\"qi_addons_for_elementor_highlight.default\">\n\t\t\t\t<div class=\"elementor-widget-container\">\n\t\t\t\t\t<p class=\"qodef-shortcode qodef-m qodef-qi-highlight qodef-highlight-style--color\" >\n\t<span class=\"qodef-highlight-text\" style=\"background-image: linear-gradient(to bottom, transparent 0%, #B1B1B1 0%, #B1B1B1 100%, transparent 100%)\">Antama Immo SA<\/span> ist Eigent\u00fcmerin aller Geb\u00e4ude, die f\u00fcr den Betrieb der Unternehmen der Antama-Gruppe bestimmt sind. Ihre Aufgabe ist es, diesen Immobilienbestand zu verwalten und zu entwickeln, um den Bed\u00fcrfnissen der Industrieunternehmen der Gruppe, die diese Geb\u00e4ude mieten, effizient gerecht zu werden. Sie f\u00fchrt auch Immobilienentwicklungen durch, die zum Verkauf bestimmt sind, und erwirbt Renditeobjekte, um ihr Portfolio zu erweitern.<\/p>\n\t\t\t\t<\/div>\n\t\t\t\t<\/div>\n\t\t\t\t<\/div>\n\t\t\t\t\t<\/div>\n\t\t<\/div>\n\t\t\t\t\t<\/div>\n\t\t<\/section>\n\t\t<div class=\"elementor-element elementor-element-35a4f986 e-flex e-con-boxed e-con e-parent\" data-id=\"35a4f986\" data-element_type=\"container\" data-settings=\"{&quot;background_background&quot;:&quot;classic&quot;}\">\n\t\t\t\t\t<div class=\"e-con-inner\">\n\t\t<div class=\"elementor-element elementor-element-4d11dad9 e-con-full e-flex e-con e-child\" data-id=\"4d11dad9\" data-element_type=\"container\">\n\t\t\t\t<div class=\"elementor-element elementor-element-63f33727 elementor-invisible elementor-widget elementor-widget-qi_addons_for_elementor_highlight\" data-id=\"63f33727\" data-element_type=\"widget\" data-settings=\"{&quot;_animation&quot;:&quot;fadeIn&quot;}\" data-widget_type=\"qi_addons_for_elementor_highlight.default\">\n\t\t\t\t<div class=\"elementor-widget-container\">\n\t\t\t\t\t<p class=\"qodef-shortcode qodef-m qodef-qi-highlight qodef-highlight-style--color\" >\n\t<span class=\"organestop\">Unser<\/span><br> <span class=\"qodef-highlight-text\" style=\"background-image: linear-gradient(to bottom, transparent 0%, #B1B1B1 0%, #B1B1B1 100%, transparent 100%)\">Team <span class=\"qi-highlight\"><\/span>\n<\/span><\/p>\n\t\t\t\t<\/div>\n\t\t\t\t<\/div>\n\t\t\t\t<\/div>\n\t\t<div class=\"elementor-element elementor-element-18dd7f37 e-con-full e-flex e-con e-child\" data-id=\"18dd7f37\" data-element_type=\"container\">\n\t\t\t\t<\/div>\n\t\t\t\t\t<\/div>\n\t\t\t\t<\/div>\n\t\t<div class=\"elementor-element elementor-element-32962060 e-grid e-con-boxed e-con e-parent\" data-id=\"32962060\" data-element_type=\"container\" data-settings=\"{&quot;background_background&quot;:&quot;classic&quot;}\">\n\t\t\t\t\t<div class=\"e-con-inner\">\n\t\t\t\t<div class=\"elementor-element elementor-element-30e47ab elementor-widget__width-inherit elementor-widget elementor-widget-qi_addons_for_elementor_team_member\" data-id=\"30e47ab\" data-element_type=\"widget\" data-widget_type=\"qi_addons_for_elementor_team_member.default\">\n\t\t\t\t<div class=\"elementor-widget-container\">\n\t\t\t\t\t<div class=\"qodef-shortcode qodef-m qodef-qi-team-member qodef-item-layout--info-below\">\n\t<div class=\"qodef-m-inner\">\n\t\t<div class=\"qodef-m-image\">\n\t\t\t\t<div class=\"qodef-m-media-image\">\n\t\t<img decoding=\"async\" width=\"683\" height=\"1024\" src=\"https:\/\/antama-groupe.ch\/wp-content\/uploads\/2025\/02\/SVK_17429_BW-683x1024.jpg\" class=\"attachment-large size-large\" alt=\"\" srcset=\"https:\/\/antama-groupe.ch\/wp-content\/uploads\/2025\/02\/SVK_17429_BW-683x1024.jpg 683w, https:\/\/antama-groupe.ch\/wp-content\/uploads\/2025\/02\/SVK_17429_BW-200x300.jpg 200w, https:\/\/antama-groupe.ch\/wp-content\/uploads\/2025\/02\/SVK_17429_BW-100x150.jpg 100w, https:\/\/antama-groupe.ch\/wp-content\/uploads\/2025\/02\/SVK_17429_BW-768x1152.jpg 768w, https:\/\/antama-groupe.ch\/wp-content\/uploads\/2025\/02\/SVK_17429_BW-1024x1536.jpg 1024w, https:\/\/antama-groupe.ch\/wp-content\/uploads\/2025\/02\/SVK_17429_BW-1365x2048.jpg 1365w, https:\/\/antama-groupe.ch\/wp-content\/uploads\/2025\/02\/SVK_17429_BW-8x12.jpg 8w, https:\/\/antama-groupe.ch\/wp-content\/uploads\/2025\/02\/SVK_17429_BW-433x650.jpg 433w, https:\/\/antama-groupe.ch\/wp-content\/uploads\/2025\/02\/SVK_17429_BW-650x975.jpg 650w, https:\/\/antama-groupe.ch\/wp-content\/uploads\/2025\/02\/SVK_17429_BW-867x1300.jpg 867w, https:\/\/antama-groupe.ch\/wp-content\/uploads\/2025\/02\/SVK_17429_BW-scaled.jpg 1707w\" sizes=\"(max-width: 683px) 100vw, 683px\" \/>\t<\/div>\n\t\t<\/div>\n\t\t<div class=\"qodef-m-content\">\n\t\t\t\t<h4 itemprop=\"name\" class=\"qodef-m-title\">\n\t\tJean-Yves Murith\t<\/h4>\n\t\t\t\t\t<p class=\"qodef-m-role\">Direktor<\/p>\n\t\t\t\t<div class=\"qodef-m-social-icons\">\n\t\t\t\t\t\t<span class=\"qodef-e-social-icon\">\n\t\t\t\t\t\t\t\t\t<\/span>\n\t\t\t\t\t<\/div>\n\t\t<\/div>\n\t<\/div>\n<\/div>\n\t\t\t\t<\/div>\n\t\t\t\t<\/div>\n\t\t\t\t<div class=\"elementor-element elementor-element-7a6d8e8e elementor-widget__width-inherit elementor-widget elementor-widget-qi_addons_for_elementor_team_member\" data-id=\"7a6d8e8e\" data-element_type=\"widget\" data-widget_type=\"qi_addons_for_elementor_team_member.default\">\n\t\t\t\t<div class=\"elementor-widget-container\">\n\t\t\t\t\t<div class=\"qodef-shortcode qodef-m qodef-qi-team-member qodef-item-layout--info-below\">\n\t<div class=\"qodef-m-inner\">\n\t\t<div class=\"qodef-m-image\">\n\t\t\t\t<div class=\"qodef-m-media-image\">\n\t\t<img decoding=\"async\" width=\"683\" height=\"1024\" src=\"https:\/\/antama-groupe.ch\/wp-content\/uploads\/2025\/02\/SVK_17936_BW-683x1024.jpg\" class=\"attachment-large size-large\" alt=\"\" srcset=\"https:\/\/antama-groupe.ch\/wp-content\/uploads\/2025\/02\/SVK_17936_BW-683x1024.jpg 683w, https:\/\/antama-groupe.ch\/wp-content\/uploads\/2025\/02\/SVK_17936_BW-200x300.jpg 200w, https:\/\/antama-groupe.ch\/wp-content\/uploads\/2025\/02\/SVK_17936_BW-100x150.jpg 100w, https:\/\/antama-groupe.ch\/wp-content\/uploads\/2025\/02\/SVK_17936_BW-768x1152.jpg 768w, https:\/\/antama-groupe.ch\/wp-content\/uploads\/2025\/02\/SVK_17936_BW-1024x1536.jpg 1024w, https:\/\/antama-groupe.ch\/wp-content\/uploads\/2025\/02\/SVK_17936_BW-1365x2048.jpg 1365w, https:\/\/antama-groupe.ch\/wp-content\/uploads\/2025\/02\/SVK_17936_BW-8x12.jpg 8w, https:\/\/antama-groupe.ch\/wp-content\/uploads\/2025\/02\/SVK_17936_BW-433x650.jpg 433w, https:\/\/antama-groupe.ch\/wp-content\/uploads\/2025\/02\/SVK_17936_BW-650x975.jpg 650w, https:\/\/antama-groupe.ch\/wp-content\/uploads\/2025\/02\/SVK_17936_BW-867x1300.jpg 867w, https:\/\/antama-groupe.ch\/wp-content\/uploads\/2025\/02\/SVK_17936_BW-scaled.jpg 1707w\" sizes=\"(max-width: 683px) 100vw, 683px\" \/>\t<\/div>\n\t\t<\/div>\n\t\t<div class=\"qodef-m-content\">\n\t\t\t\t<h4 itemprop=\"name\" class=\"qodef-m-title\">\n\t\tPinar Arslan\t<\/h4>\n\t\t\t\t\t<p class=\"qodef-m-role\">Technische Geb\u00e4udemanagerin<\/p>\n\t\t\t\t<div class=\"qodef-m-social-icons\">\n\t\t\t\t\t\t<span class=\"qodef-e-social-icon\">\n\t\t\t\t\t\t\t\t\t<\/span>\n\t\t\t\t\t<\/div>\n\t\t<\/div>\n\t<\/div>\n<\/div>\n\t\t\t\t<\/div>\n\t\t\t\t<\/div>\n\t\t\t\t\t<\/div>\n\t\t\t\t<\/div>\n\t\t<div class=\"elementor-element elementor-element-5c2fae98 e-flex e-con-boxed e-con e-parent\" data-id=\"5c2fae98\" data-element_type=\"container\" data-settings=\"{&quot;background_background&quot;:&quot;classic&quot;}\">\n\t\t\t\t\t<div class=\"e-con-inner\">\n\t\t<div class=\"elementor-element elementor-element-173467ac e-con-full e-flex e-con e-child\" data-id=\"173467ac\" data-element_type=\"container\">\n\t\t\t\t<div class=\"elementor-element elementor-element-54dcdc46 elementor-widget elementor-widget-qi_addons_for_elementor_highlight\" data-id=\"54dcdc46\" data-element_type=\"widget\" data-widget_type=\"qi_addons_for_elementor_highlight.default\">\n\t\t\t\t<div class=\"elementor-widget-container\">\n\t\t\t\t\t<p class=\"qodef-shortcode qodef-m qodef-qi-highlight qodef-qi--has-appear qodef-highlight-style--color\" >\n\t<span class=\"qodef-highlight-text\" style=\"background-image: linear-gradient(to bottom, transparent 0%, #B1B1B1 0%, #B1B1B1 100%, transparent 100%)\">Kontakt<\/p>\n\t\t\t\t<\/div>\n\t\t\t\t<\/div>\n\t\t\t\t<\/div>\n\t\t<div class=\"elementor-element elementor-element-24b3bd73 e-con-full e-flex e-con e-child\" data-id=\"24b3bd73\" data-element_type=\"container\">\n\t\t\t\t<div class=\"elementor-element elementor-element-e0e6b05 elementor-widget-mobile__width-inherit elementor-widget elementor-widget-text-editor\" data-id=\"e0e6b05\" data-element_type=\"widget\" data-widget_type=\"text-editor.default\">\n\t\t\t\t<div class=\"elementor-widget-container\">\n\t\t\t\t\t\t\t\t\t<p><strong style=\"font-weight: 900;\">Antama Immo SA<\/strong><br \/>Rue Jacques-Gachoud 3<br \/>CH-1700 Fribourg<\/p>\t\t\t\t\t\t\t\t<\/div>\n\t\t\t\t<\/div>\n\t\t\t\t<div class=\"elementor-element elementor-element-6841fa7e elementor-widget elementor-widget-text-editor\" data-id=\"6841fa7e\" data-element_type=\"widget\" data-widget_type=\"text-editor.default\">\n\t\t\t\t<div class=\"elementor-widget-container\">\n\t\t\t\t\t\t\t\t\t<p><a href=\"mailto:immo@antama.ch\">immo@antama.ch<\/a><br \/><a href=\"http:\/\/tel.:+41264262233\">+41 26 426 22 33<\/a><\/p>\t\t\t\t\t\t\t\t<\/div>\n\t\t\t\t<\/div>\n\t\t\t\t<div class=\"elementor-element elementor-element-ce79b93 elementor-view-default elementor-widget elementor-widget-icon\" data-id=\"ce79b93\" data-element_type=\"widget\" data-widget_type=\"icon.default\">\n\t\t\t\t<div class=\"elementor-widget-container\">\n\t\t\t\t\t\t\t<div class=\"elementor-icon-wrapper\">\n\t\t\t<a class=\"elementor-icon\" href=\"https:\/\/www.linkedin.com\/company\/antama-groupe\" target=\"_blank\">\n\t\t\t<svg aria-hidden=\"true\" class=\"e-font-icon-svg e-fab-linkedin\" viewbox=\"0 0 448 512\" xmlns=\"http:\/\/www.w3.org\/2000\/svg\"><path d=\"M416 32H31.9C14.3 32 0 46.5 0 64.3v383.4C0 465.5 14.3 480 31.9 480H416c17.6 0 32-14.5 32-32.3V64.3c0-17.8-14.4-32.3-32-32.3zM135.4 416H69V202.2h66.5V416zm-33.2-243c-21.3 0-38.5-17.3-38.5-38.5S80.9 96 102.2 96c21.2 0 38.5 17.3 38.5 38.5 0 21.3-17.2 38.5-38.5 38.5zm282.1 243h-66.4V312c0-24.8-.5-56.7-34.5-56.7-34.6 0-39.9 27-39.9 54.9V416h-66.4V202.2h63.7v29.2h.9c8.9-16.8 30.6-34.5 62.9-34.5 67.2 0 79.7 44.3 79.7 101.9V416z\"><\/path><\/svg>\t\t\t<\/a>\n\t\t<\/div>\n\t\t\t\t\t\t<\/div>\n\t\t\t\t<\/div>\n\t\t\t\t<\/div>\n\t\t<div class=\"elementor-element elementor-element-aa27428 e-con-full e-flex e-con e-child\" data-id=\"aa27428\" data-element_type=\"container\">\n\t\t\t\t<\/div>\n\t\t<div class=\"elementor-element elementor-element-3d3c5781 e-con-full e-flex e-con e-child\" data-id=\"3d3c5781\" data-element_type=\"container\">\n\t\t<div class=\"elementor-element elementor-element-42553e0 e-con-full e-flex e-con e-child\" data-id=\"42553e0\" data-element_type=\"container\">\n\t\t\t\t<div class=\"elementor-element elementor-element-48a4c05 elementor-widget elementor-widget-image\" data-id=\"48a4c05\" data-element_type=\"widget\" data-widget_type=\"image.default\">\n\t\t\t\t<div class=\"elementor-widget-container\">\n\t\t\t\t\t\t\t\t\t\t\t\t\t\t\t<img fetchpriority=\"high\" decoding=\"async\" width=\"800\" height=\"273\" src=\"https:\/\/antama-groupe.ch\/wp-content\/uploads\/2025\/01\/Logo_Antama_Immo_ORIGINAL-1024x349.png\" class=\"attachment-large size-large wp-image-5858\" alt=\"\" srcset=\"https:\/\/antama-groupe.ch\/wp-content\/uploads\/2025\/01\/Logo_Antama_Immo_ORIGINAL-1024x349.png 1024w, https:\/\/antama-groupe.ch\/wp-content\/uploads\/2025\/01\/Logo_Antama_Immo_ORIGINAL-300x102.png 300w, https:\/\/antama-groupe.ch\/wp-content\/uploads\/2025\/01\/Logo_Antama_Immo_ORIGINAL-768x262.png 768w, https:\/\/antama-groupe.ch\/wp-content\/uploads\/2025\/01\/Logo_Antama_Immo_ORIGINAL-18x6.png 18w, https:\/\/antama-groupe.ch\/wp-content\/uploads\/2025\/01\/Logo_Antama_Immo_ORIGINAL.png 1177w\" sizes=\"(max-width: 800px) 100vw, 800px\" \/>\t\t\t\t\t\t\t\t\t\t\t\t\t\t\t<\/div>\n\t\t\t\t<\/div>\n\t\t\t\t<\/div>\n\t\t\t\t<\/div>\n\t\t\t\t\t<\/div>\n\t\t\t\t<\/div>\n\t\t\t\t<section class=\"elementor-section elementor-top-section elementor-element elementor-element-86907f8 elementor-section-full_width elementor-section-height-min-height elementor-section-height-default elementor-section-items-middle\" data-id=\"86907f8\" data-element_type=\"section\" data-settings=\"{&quot;background_background&quot;:&quot;classic&quot;}\">\n\t\t\t\t\t\t<div class=\"elementor-container elementor-column-gap-default\">\n\t\t\t\t\t<div class=\"elementor-column elementor-col-100 elementor-top-column elementor-element elementor-element-23e26692\" data-id=\"23e26692\" data-element_type=\"column\">\n\t\t\t<div class=\"elementor-widget-wrap elementor-element-populated\">\n\t\t\t\t\t\t<div class=\"elementor-element elementor-element-11a97ed6 elementor-widget-divider--view-line elementor-widget elementor-widget-divider\" data-id=\"11a97ed6\" data-element_type=\"widget\" data-widget_type=\"divider.default\">\n\t\t\t\t<div class=\"elementor-widget-container\">\n\t\t\t\t\t\t\t<div class=\"elementor-divider\">\n\t\t\t<span class=\"elementor-divider-separator\">\n\t\t\t\t\t\t<\/span>\n\t\t<\/div>\n\t\t\t\t\t\t<\/div>\n\t\t\t\t<\/div>\n\t\t\t\t\t<\/div>\n\t\t<\/div>\n\t\t\t\t\t<\/div>\n\t\t<\/section>\n\t\t\t\t<\/div>","protected":false},"excerpt":{"rendered":"<p>Gestion et d\u00e9veloppement immobilier au service du Groupe. Antama Immo SA est propri\u00e9taire de tous les b\u00e2timents destin\u00e9s \u00e0 l\u2019exploitation des soci\u00e9t\u00e9s d\u2019Antama Groupe. Elle a pour mission de g\u00e9rer et d\u00e9velopper ce parc immobilier afin de r\u00e9pondre efficacement aux besoins des soci\u00e9t\u00e9s industrielles du Groupe, qui lui louent ces locaux. Elle r\u00e9alise \u00e9galement des [&hellip;]<\/p>","protected":false},"author":1,"featured_media":0,"parent":0,"menu_order":0,"comment_status":"closed","ping_status":"closed","template":"","meta":{"footnotes":""},"class_list":["post-5609","page","type-page","status-publish","hentry"],"yoast_head":"<!-- This site is optimized with the Yoast SEO plugin v25.2 - https:\/\/yoast.com\/wordpress\/plugins\/seo\/ -->\n<title>Immo | Antama Groupe<\/title>\n<meta name=\"robots\" content=\"index, follow, max-snippet:-1, max-image-preview:large, max-video-preview:-1\" \/>\n<link rel=\"canonical\" href=\"https:\/\/antama-groupe.ch\/de\/immo\/\" \/>\n<meta property=\"og:locale\" content=\"de_DE\" \/>\n<meta property=\"og:type\" content=\"article\" \/>\n<meta property=\"og:title\" content=\"Immo | Antama Groupe\" \/>\n<meta property=\"og:description\" content=\"Gestion et d\u00e9veloppement immobilier au service du Groupe. Antama Immo SA est propri\u00e9taire de tous les b\u00e2timents destin\u00e9s \u00e0 l\u2019exploitation des soci\u00e9t\u00e9s d\u2019Antama Groupe. Elle a pour mission de g\u00e9rer et d\u00e9velopper ce parc immobilier afin de r\u00e9pondre efficacement aux besoins des soci\u00e9t\u00e9s industrielles du Groupe, qui lui louent ces locaux. Elle r\u00e9alise \u00e9galement des [&hellip;]\" \/>\n<meta property=\"og:url\" content=\"https:\/\/antama-groupe.ch\/de\/immo\/\" \/>\n<meta property=\"og:site_name\" content=\"Antama Groupe\" \/>\n<meta property=\"article:modified_time\" content=\"2025-02-26T09:46:33+00:00\" \/>\n<meta property=\"og:image\" content=\"https:\/\/antama-groupe.ch\/wp-content\/uploads\/2025\/01\/Logo_Antama_Immo_ORIGINAL.png\" \/>\n\t<meta property=\"og:image:width\" content=\"1177\" \/>\n\t<meta property=\"og:image:height\" content=\"401\" \/>\n\t<meta property=\"og:image:type\" content=\"image\/png\" \/>\n<meta name=\"twitter:card\" content=\"summary_large_image\" \/>\n<meta name=\"twitter:label1\" content=\"Gesch\u00e4tzte Lesezeit\" \/>\n\t<meta name=\"twitter:data1\" content=\"2\u00a0Minuten\" \/>\n<script type=\"application\/ld+json\" class=\"yoast-schema-graph\">{\"@context\":\"https:\/\/schema.org\",\"@graph\":[{\"@type\":\"WebPage\",\"@id\":\"https:\/\/antama-groupe.ch\/immo\/\",\"url\":\"https:\/\/antama-groupe.ch\/immo\/\",\"name\":\"Immo | Antama Groupe\",\"isPartOf\":{\"@id\":\"https:\/\/antama-groupe.ch\/#website\"},\"primaryImageOfPage\":{\"@id\":\"https:\/\/antama-groupe.ch\/immo\/#primaryimage\"},\"image\":{\"@id\":\"https:\/\/antama-groupe.ch\/immo\/#primaryimage\"},\"thumbnailUrl\":\"https:\/\/antama-groupe.ch\/wp-content\/uploads\/2025\/01\/Logo_Antama_Immo_ORIGINAL-1024x349.png\",\"datePublished\":\"2025-01-14T09:09:40+00:00\",\"dateModified\":\"2025-02-26T09:46:33+00:00\",\"breadcrumb\":{\"@id\":\"https:\/\/antama-groupe.ch\/immo\/#breadcrumb\"},\"inLanguage\":\"de\",\"potentialAction\":[{\"@type\":\"ReadAction\",\"target\":[\"https:\/\/antama-groupe.ch\/immo\/\"]}]},{\"@type\":\"ImageObject\",\"inLanguage\":\"de\",\"@id\":\"https:\/\/antama-groupe.ch\/immo\/#primaryimage\",\"url\":\"https:\/\/antama-groupe.ch\/wp-content\/uploads\/2025\/01\/Logo_Antama_Immo_ORIGINAL-1024x349.png\",\"contentUrl\":\"https:\/\/antama-groupe.ch\/wp-content\/uploads\/2025\/01\/Logo_Antama_Immo_ORIGINAL-1024x349.png\"},{\"@type\":\"BreadcrumbList\",\"@id\":\"https:\/\/antama-groupe.ch\/immo\/#breadcrumb\",\"itemListElement\":[{\"@type\":\"ListItem\",\"position\":1,\"name\":\"Home\",\"item\":\"https:\/\/antama-groupe.ch\/\"},{\"@type\":\"ListItem\",\"position\":2,\"name\":\"Immo\"}]},{\"@type\":\"WebSite\",\"@id\":\"https:\/\/antama-groupe.ch\/#website\",\"url\":\"https:\/\/antama-groupe.ch\/\",\"name\":\"PQH Holding SA\",\"description\":\"Linking people and technologies\",\"publisher\":{\"@id\":\"https:\/\/antama-groupe.ch\/#organization\"},\"alternateName\":\"PQH\",\"potentialAction\":[{\"@type\":\"SearchAction\",\"target\":{\"@type\":\"EntryPoint\",\"urlTemplate\":\"https:\/\/antama-groupe.ch\/?s={search_term_string}\"},\"query-input\":{\"@type\":\"PropertyValueSpecification\",\"valueRequired\":true,\"valueName\":\"search_term_string\"}}],\"inLanguage\":\"de\"},{\"@type\":\"Organization\",\"@id\":\"https:\/\/antama-groupe.ch\/#organization\",\"name\":\"PQH Holding SA\",\"url\":\"https:\/\/antama-groupe.ch\/\",\"logo\":{\"@type\":\"ImageObject\",\"inLanguage\":\"de\",\"@id\":\"https:\/\/antama-groupe.ch\/#\/schema\/logo\/image\/\",\"url\":\"https:\/\/antama-groupe.ch\/wp-content\/uploads\/2018\/04\/logo_pqh.png\",\"contentUrl\":\"https:\/\/antama-groupe.ch\/wp-content\/uploads\/2018\/04\/logo_pqh.png\",\"width\":497,\"height\":223,\"caption\":\"PQH Holding SA\"},\"image\":{\"@id\":\"https:\/\/antama-groupe.ch\/#\/schema\/logo\/image\/\"},\"sameAs\":[\"https:\/\/www.linkedin.com\/company\/pqh-holding-sa\/\"]}]}<\/script>\n<!-- \/ Yoast SEO plugin. -->","yoast_head_json":{"title":"Immo | Antama Groupe","robots":{"index":"index","follow":"follow","max-snippet":"max-snippet:-1","max-image-preview":"max-image-preview:large","max-video-preview":"max-video-preview:-1"},"canonical":"https:\/\/antama-groupe.ch\/de\/immo\/","og_locale":"de_DE","og_type":"article","og_title":"Immo | Antama Groupe","og_description":"Gestion et d\u00e9veloppement immobilier au service du Groupe. Antama Immo SA est propri\u00e9taire de tous les b\u00e2timents destin\u00e9s \u00e0 l\u2019exploitation des soci\u00e9t\u00e9s d\u2019Antama Groupe. Elle a pour mission de g\u00e9rer et d\u00e9velopper ce parc immobilier afin de r\u00e9pondre efficacement aux besoins des soci\u00e9t\u00e9s industrielles du Groupe, qui lui louent ces locaux. Elle r\u00e9alise \u00e9galement des [&hellip;]","og_url":"https:\/\/antama-groupe.ch\/de\/immo\/","og_site_name":"Antama Groupe","article_modified_time":"2025-02-26T09:46:33+00:00","og_image":[{"width":1177,"height":401,"url":"https:\/\/antama-groupe.ch\/wp-content\/uploads\/2025\/01\/Logo_Antama_Immo_ORIGINAL.png","type":"image\/png"}],"twitter_card":"summary_large_image","twitter_misc":{"Gesch\u00e4tzte Lesezeit":"2\u00a0Minuten"},"schema":{"@context":"https:\/\/schema.org","@graph":[{"@type":"WebPage","@id":"https:\/\/antama-groupe.ch\/immo\/","url":"https:\/\/antama-groupe.ch\/immo\/","name":"Immo | Antama Groupe","isPartOf":{"@id":"https:\/\/antama-groupe.ch\/#website"},"primaryImageOfPage":{"@id":"https:\/\/antama-groupe.ch\/immo\/#primaryimage"},"image":{"@id":"https:\/\/antama-groupe.ch\/immo\/#primaryimage"},"thumbnailUrl":"https:\/\/antama-groupe.ch\/wp-content\/uploads\/2025\/01\/Logo_Antama_Immo_ORIGINAL-1024x349.png","datePublished":"2025-01-14T09:09:40+00:00","dateModified":"2025-02-26T09:46:33+00:00","breadcrumb":{"@id":"https:\/\/antama-groupe.ch\/immo\/#breadcrumb"},"inLanguage":"de","potentialAction":[{"@type":"ReadAction","target":["https:\/\/antama-groupe.ch\/immo\/"]}]},{"@type":"ImageObject","inLanguage":"de","@id":"https:\/\/antama-groupe.ch\/immo\/#primaryimage","url":"https:\/\/antama-groupe.ch\/wp-content\/uploads\/2025\/01\/Logo_Antama_Immo_ORIGINAL-1024x349.png","contentUrl":"https:\/\/antama-groupe.ch\/wp-content\/uploads\/2025\/01\/Logo_Antama_Immo_ORIGINAL-1024x349.png"},{"@type":"BreadcrumbList","@id":"https:\/\/antama-groupe.ch\/immo\/#breadcrumb","itemListElement":[{"@type":"ListItem","position":1,"name":"Home","item":"https:\/\/antama-groupe.ch\/"},{"@type":"ListItem","position":2,"name":"Immo"}]},{"@type":"WebSite","@id":"https:\/\/antama-groupe.ch\/#website","url":"https:\/\/antama-groupe.ch\/","name":"PQH Holding SA","description":"Linking people and technologies","publisher":{"@id":"https:\/\/antama-groupe.ch\/#organization"},"alternateName":"PQH","potentialAction":[{"@type":"SearchAction","target":{"@type":"EntryPoint","urlTemplate":"https:\/\/antama-groupe.ch\/?s={search_term_string}"},"query-input":{"@type":"PropertyValueSpecification","valueRequired":true,"valueName":"search_term_string"}}],"inLanguage":"de"},{"@type":"Organization","@id":"https:\/\/antama-groupe.ch\/#organization","name":"PQH Holding SA","url":"https:\/\/antama-groupe.ch\/","logo":{"@type":"ImageObject","inLanguage":"de","@id":"https:\/\/antama-groupe.ch\/#\/schema\/logo\/image\/","url":"https:\/\/antama-groupe.ch\/wp-content\/uploads\/2018\/04\/logo_pqh.png","contentUrl":"https:\/\/antama-groupe.ch\/wp-content\/uploads\/2018\/04\/logo_pqh.png","width":497,"height":223,"caption":"PQH Holding SA"},"image":{"@id":"https:\/\/antama-groupe.ch\/#\/schema\/logo\/image\/"},"sameAs":["https:\/\/www.linkedin.com\/company\/pqh-holding-sa\/"]}]}},"_links":{"self":[{"href":"https:\/\/antama-groupe.ch\/de\/wp-json\/wp\/v2\/pages\/5609","targetHints":{"allow":["GET"]}}],"collection":[{"href":"https:\/\/antama-groupe.ch\/de\/wp-json\/wp\/v2\/pages"}],"about":[{"href":"https:\/\/antama-groupe.ch\/de\/wp-json\/wp\/v2\/types\/page"}],"author":[{"embeddable":true,"href":"https:\/\/antama-groupe.ch\/de\/wp-json\/wp\/v2\/users\/1"}],"replies":[{"embeddable":true,"href":"https:\/\/antama-groupe.ch\/de\/wp-json\/wp\/v2\/comments?post=5609"}],"version-history":[{"count":205,"href":"https:\/\/antama-groupe.ch\/de\/wp-json\/wp\/v2\/pages\/5609\/revisions"}],"predecessor-version":[{"id":7079,"href":"https:\/\/antama-groupe.ch\/de\/wp-json\/wp\/v2\/pages\/5609\/revisions\/7079"}],"wp:attachment":[{"href":"https:\/\/antama-groupe.ch\/de\/wp-json\/wp\/v2\/media?parent=5609"}],"curies":[{"name":"wp","href":"https:\/\/api.w.org\/{rel}","templated":true}]}}